{"id":1823,"date":"2018-12-11T12:18:36","date_gmt":"2018-12-11T11:18:36","guid":{"rendered":"http:\/\/fachklinik-osterhofen.mybrixx.cloud\/about-us\/quality-management\/"},"modified":"2020-10-07T12:30:52","modified_gmt":"2020-10-07T10:30:52","slug":"quality-management","status":"publish","type":"page","link":"https:\/\/www.fachklinik-osterhofen.de\/en\/about-us\/quality-management\/","title":{"rendered":"Quality Management"},"content":{"rendered":"\t\t<div data-elementor-type=\"wp-post\" data-elementor-id=\"1823\" class=\"elementor elementor-1823 elementor-114\" data-elementor-post-type=\"page\">\n\t\t\t\t\t\t<section class=\"elementor-section elementor-top-section elementor-element elementor-element-416bb9d elementor-section-boxed elementor-section-height-default elementor-section-height-default elementor-invisible\" data-id=\"416bb9d\" data-element_type=\"section\" data-e-type=\"section\" data-settings=\"{&quot;animation&quot;:&quot;fadeInUp&quot;}\">\n\t\t\t\t\t\t<div class=\"elementor-container elementor-column-gap-default\">\n\t\t\t\t\t<div class=\"elementor-column elementor-col-100 elementor-top-column elementor-element elementor-element-e08ba6f\" data-id=\"e08ba6f\" data-element_type=\"column\" data-e-type=\"column\">\n\t\t\t<div class=\"elementor-widget-wrap elementor-element-populated\">\n\t\t\t\t\t\t<div class=\"elementor-element elementor-element-398bea7 elementor-widget elementor-widget-heading\" data-id=\"398bea7\" data-element_type=\"widget\" data-e-type=\"widget\" data-widget_type=\"heading.default\">\n\t\t\t\t<div class=\"elementor-widget-container\">\n\t\t\t\t\t<h2 class=\"elementor-heading-title elementor-size-default\">Quality Management<\/h2>\t\t\t\t<\/div>\n\t\t\t\t<\/div>\n\t\t\t\t\t<\/div>\n\t\t<\/div>\n\t\t\t\t\t<\/div>\n\t\t<\/section>\n\t\t\t\t<section class=\"elementor-section elementor-top-section elementor-element elementor-element-7a3f135 elementor-section-boxed elementor-section-height-default elementor-section-height-default elementor-invisible\" data-id=\"7a3f135\" data-element_type=\"section\" data-e-type=\"section\" data-settings=\"{&quot;animation&quot;:&quot;fadeInUp&quot;}\">\n\t\t\t\t\t\t<div class=\"elementor-container elementor-column-gap-default\">\n\t\t\t\t\t<div class=\"elementor-column elementor-col-33 elementor-top-column elementor-element elementor-element-92da2c0\" data-id=\"92da2c0\" data-element_type=\"column\" data-e-type=\"column\">\n\t\t\t<div class=\"elementor-widget-wrap elementor-element-populated\">\n\t\t\t\t\t\t<div class=\"elementor-element elementor-element-78da292 elementor-widget-divider--view-line elementor-widget elementor-widget-divider\" data-id=\"78da292\" data-element_type=\"widget\" data-e-type=\"widget\" data-widget_type=\"divider.default\">\n\t\t\t\t<div class=\"elementor-widget-container\">\n\t\t\t\t\t\t\t<div class=\"elementor-divider\">\n\t\t\t<span class=\"elementor-divider-separator\">\n\t\t\t\t\t\t<\/span>\n\t\t<\/div>\n\t\t\t\t\t\t<\/div>\n\t\t\t\t<\/div>\n\t\t\t\t\t<\/div>\n\t\t<\/div>\n\t\t\t\t<div class=\"elementor-column elementor-col-33 elementor-top-column elementor-element elementor-element-3e5c43a\" data-id=\"3e5c43a\" data-element_type=\"column\" data-e-type=\"column\">\n\t\t\t<div class=\"elementor-widget-wrap elementor-element-populated\">\n\t\t\t\t\t\t<div class=\"elementor-element elementor-element-ccbc611 elementor-widget elementor-widget-image\" data-id=\"ccbc611\" data-element_type=\"widget\" data-e-type=\"widget\" data-widget_type=\"image.default\">\n\t\t\t\t<div class=\"elementor-widget-container\">\n\t\t\t\t\t\t\t\t\t\t\t\t\t\t\t<img decoding=\"async\" width=\"180\" height=\"180\" src=\"https:\/\/www.fachklinik-osterhofen.de\/wp-content\/uploads\/2018\/12\/fachklinik-osterhofen-gmbh_17814442_mw640h480_osterhofen-niederbayern.jpg\" class=\"attachment-large size-large wp-image-319\" alt=\"\" srcset=\"https:\/\/www.fachklinik-osterhofen.de\/wp-content\/uploads\/2018\/12\/fachklinik-osterhofen-gmbh_17814442_mw640h480_osterhofen-niederbayern.jpg 180w, https:\/\/www.fachklinik-osterhofen.de\/wp-content\/uploads\/2018\/12\/fachklinik-osterhofen-gmbh_17814442_mw640h480_osterhofen-niederbayern-150x150.jpg 150w, https:\/\/www.fachklinik-osterhofen.de\/wp-content\/uploads\/2018\/12\/fachklinik-osterhofen-gmbh_17814442_mw640h480_osterhofen-niederbayern-100x100.jpg 100w\" sizes=\"100vw\" \/>\t\t\t\t\t\t\t\t\t\t\t\t\t\t\t<\/div>\n\t\t\t\t<\/div>\n\t\t\t\t<div class=\"elementor-element elementor-element-41dcf36 elementor-widget elementor-widget-spacer\" data-id=\"41dcf36\" data-element_type=\"widget\" data-e-type=\"widget\" data-widget_type=\"spacer.default\">\n\t\t\t\t<div class=\"elementor-widget-container\">\n\t\t\t\t\t\t\t<div class=\"elementor-spacer\">\n\t\t\t<div class=\"elementor-spacer-inner\"><\/div>\n\t\t<\/div>\n\t\t\t\t\t\t<\/div>\n\t\t\t\t<\/div>\n\t\t\t\t\t<\/div>\n\t\t<\/div>\n\t\t\t\t<div class=\"elementor-column elementor-col-33 elementor-top-column elementor-element elementor-element-b4debe7\" data-id=\"b4debe7\" data-element_type=\"column\" data-e-type=\"column\">\n\t\t\t<div class=\"elementor-widget-wrap elementor-element-populated\">\n\t\t\t\t\t\t<div class=\"elementor-element elementor-element-f7f24c0 elementor-widget-divider--view-line elementor-widget elementor-widget-divider\" data-id=\"f7f24c0\" data-element_type=\"widget\" data-e-type=\"widget\" data-widget_type=\"divider.default\">\n\t\t\t\t<div class=\"elementor-widget-container\">\n\t\t\t\t\t\t\t<div class=\"elementor-divider\">\n\t\t\t<span class=\"elementor-divider-separator\">\n\t\t\t\t\t\t<\/span>\n\t\t<\/div>\n\t\t\t\t\t\t<\/div>\n\t\t\t\t<\/div>\n\t\t\t\t\t<\/div>\n\t\t<\/div>\n\t\t\t\t\t<\/div>\n\t\t<\/section>\n\t\t\t\t<section class=\"elementor-section elementor-top-section elementor-element elementor-element-e95145d elementor-section-boxed elementor-section-height-default elementor-section-height-default\" data-id=\"e95145d\" data-element_type=\"section\" data-e-type=\"section\">\n\t\t\t\t\t\t<div class=\"elementor-container elementor-column-gap-default\">\n\t\t\t\t\t<div class=\"elementor-column elementor-col-100 elementor-top-column elementor-element elementor-element-e009da2\" data-id=\"e009da2\" data-element_type=\"column\" data-e-type=\"column\">\n\t\t\t<div class=\"elementor-widget-wrap elementor-element-populated\">\n\t\t\t\t\t\t<div class=\"elementor-element elementor-element-651828d elementor-widget elementor-widget-heading\" data-id=\"651828d\" data-element_type=\"widget\" data-e-type=\"widget\" data-widget_type=\"heading.default\">\n\t\t\t\t<div class=\"elementor-widget-container\">\n\t\t\t\t\t<h2 class=\"elementor-heading-title elementor-size-default\">HIGHEST QUALITY STANDARDS<\/h2>\t\t\t\t<\/div>\n\t\t\t\t<\/div>\n\t\t\t\t\t<\/div>\n\t\t<\/div>\n\t\t\t\t\t<\/div>\n\t\t<\/section>\n\t\t\t\t<section class=\"elementor-section elementor-top-section elementor-element elementor-element-1c8a90b elementor-section-boxed elementor-section-height-default elementor-section-height-default\" data-id=\"1c8a90b\" data-element_type=\"section\" data-e-type=\"section\">\n\t\t\t\t\t\t<div class=\"elementor-container elementor-column-gap-default\">\n\t\t\t\t\t<div class=\"elementor-column elementor-col-50 elementor-top-column elementor-element elementor-element-420f7c0\" data-id=\"420f7c0\" data-element_type=\"column\" data-e-type=\"column\">\n\t\t\t<div class=\"elementor-widget-wrap elementor-element-populated\">\n\t\t\t\t\t\t<div class=\"elementor-element elementor-element-67cd649 elementor-widget elementor-widget-text-editor\" data-id=\"67cd649\" data-element_type=\"widget\" data-e-type=\"widget\" data-widget_type=\"text-editor.default\">\n\t\t\t\t<div class=\"elementor-widget-container\">\n\t\t\t\t\t\t\t\t\t<p>For the sake of our patients, it is important to us to ensure a high quality of treatment. The best possible hygiene and the confidentiality of our patients is also of highest importance to us.<\/p><p>The hospital&#8217;s quality and risk management system has been certified according to the guidelines of DIN EN ISO 9001 as well as those of the Federal Association of Rehabilitation (BAR) .This double-barrelled system provides the basis for patient-focused processes and the greatest possible degree of safety in diagnosis and therapy.<\/p><p><a href=\"https:\/\/www.fachklinik-osterhofen.de\/wp-content\/uploads\/2020\/06\/Qualit\u00e4tsbericht_2018.pdf\" target=\"_blank\" rel=\"noopener\">Quality Report 2018 (German)<\/a><br \/>(Strukturierter Qualit\u00e4tsbericht gem\u00e4\u00df \u00a7 136b Abs. 1 Satz 1 Nr. 3 SGB V)<\/p><p>\u00a0<\/p><div class=\"elementor-element elementor-element-62fd2ae elementor-widget elementor-widget-text-editor\" data-id=\"62fd2ae\" data-element_type=\"widget\" data-widget_type=\"text-editor.default\"><div class=\"elementor-widget-container\"><div class=\"elementor-text-editor elementor-clearfix\"><p><strong>Head of quality management<\/strong><\/p><p>Ms. Ursula Danke<strong><br \/><\/strong><\/p><\/div><\/div><\/div><div class=\"elementor-element elementor-element-46da457 elementor-list-item-link-full_width elementor-widget elementor-widget-icon-list\" data-id=\"46da457\" data-element_type=\"widget\" data-widget_type=\"icon-list.default\"><div class=\"elementor-widget-container\"><ul class=\"elementor-icon-list-items\"><li class=\"elementor-icon-list-item\"><i class=\"fa fa-phone\" aria-hidden=\"true\"><\/i><span class=\"elementor-icon-list-text\">+49 (0)9332 39 112<\/span><\/li><li class=\"elementor-icon-list-item\"><i class=\"fa fa-envelope\" aria-hidden=\"true\"><\/i><span class=\"elementor-icon-list-text\">ursula.danke@fachklinik-osterhofen.de<\/span><\/li><\/ul><\/div><\/div><div class=\"elementor-element elementor-element-a948233 elementor-widget elementor-widget-text-editor\" data-id=\"a948233\" data-element_type=\"widget\" data-widget_type=\"text-editor.default\"><div class=\"elementor-widget-container\"><div class=\"elementor-text-editor elementor-clearfix\"><p><strong>Head of medical aide safety (according to MPBetreibV)<\/strong><\/p><p>Mr. Wolfgang St\u00fcbben<\/p><\/div><\/div><\/div><div class=\"elementor-element elementor-element-e44c393 elementor-icon-list--layout-traditional elementor-list-item-link-full_width elementor-widget elementor-widget-icon-list\" data-id=\"e44c393\" data-element_type=\"widget\" data-widget_type=\"icon-list.default\"><div class=\"elementor-widget-container\"><ul class=\"elementor-icon-list-items\"><li class=\"elementor-icon-list-item\"><i class=\"fa fa-envelope\" aria-hidden=\"true\"><\/i><span class=\"elementor-icon-list-text\">wolfgang.stuebben@fachklinik-osterhofen.de<\/span><\/li><\/ul><\/div><\/div><div class=\"elementor-element elementor-element-c4e898f elementor-widget elementor-widget-text-editor\" data-id=\"c4e898f\" data-element_type=\"widget\" data-widget_type=\"text-editor.default\"><div class=\"elementor-widget-container\"><div class=\"elementor-text-editor elementor-clearfix\"><p><strong>data protection officer<\/strong><\/p><p>Mr. J\u00fcrgen Stockbauer<\/p><\/div><\/div><\/div><div class=\"elementor-element elementor-element-716d491 elementor-icon-list--layout-traditional elementor-list-item-link-full_width elementor-widget elementor-widget-icon-list\" data-id=\"716d491\" data-element_type=\"widget\" data-widget_type=\"icon-list.default\"><div class=\"elementor-widget-container\"><ul class=\"elementor-icon-list-items\"><li class=\"elementor-icon-list-item\"><i class=\"fa fa-envelope\" aria-hidden=\"true\"><\/i><span class=\"elementor-icon-list-text\">datenschutz@fachklinik-osterhofen.de<\/span><\/li><\/ul><\/div><\/div><div class=\"elementor-element elementor-element-db34289 elementor-widget elementor-widget-text-editor\" data-id=\"db34289\" data-element_type=\"widget\" data-widget_type=\"text-editor.default\"><div class=\"elementor-widget-container\"><div class=\"elementor-text-editor elementor-clearfix\"><p><strong>contact for complaints<\/strong><\/p><p>Ms. Ursula Danke<\/p><\/div><\/div><\/div><div class=\"elementor-element elementor-element-c04c0b9 elementor-icon-list--layout-traditional elementor-list-item-link-full_width elementor-widget elementor-widget-icon-list\" data-id=\"c04c0b9\" data-element_type=\"widget\" data-widget_type=\"icon-list.default\"><div class=\"elementor-widget-container\"><ul class=\"elementor-icon-list-items\"><li class=\"elementor-icon-list-item\"><i class=\"fa fa-envelope\" aria-hidden=\"true\"><\/i><span class=\"elementor-icon-list-text\">ursula.danke@fachklinik-osterhofen.de<\/span><\/li><\/ul><\/div><\/div>\t\t\t\t\t\t\t\t<\/div>\n\t\t\t\t<\/div>\n\t\t\t\t\t<\/div>\n\t\t<\/div>\n\t\t\t\t<div class=\"elementor-column elementor-col-50 elementor-top-column elementor-element elementor-element-02f26b6\" data-id=\"02f26b6\" data-element_type=\"column\" data-e-type=\"column\">\n\t\t\t<div class=\"elementor-widget-wrap elementor-element-populated\">\n\t\t\t\t\t\t<div class=\"elementor-element elementor-element-9b50867 elementor--h-position-center elementor--v-position-middle elementor-arrows-position-inside elementor-pagination-position-inside elementor-widget elementor-widget-slides\" data-id=\"9b50867\" data-element_type=\"widget\" data-e-type=\"widget\" data-settings=\"{&quot;navigation&quot;:&quot;both&quot;,&quot;autoplay&quot;:&quot;yes&quot;,&quot;pause_on_hover&quot;:&quot;yes&quot;,&quot;pause_on_interaction&quot;:&quot;yes&quot;,&quot;autoplay_speed&quot;:5000,&quot;infinite&quot;:&quot;yes&quot;,&quot;transition&quot;:&quot;slide&quot;,&quot;transition_speed&quot;:500}\" data-widget_type=\"slides.default\">\n\t\t\t\t<div class=\"elementor-widget-container\">\n\t\t\t\t\t\t\t\t\t<div class=\"elementor-swiper\">\n\t\t\t\t\t<div class=\"elementor-slides-wrapper elementor-main-swiper swiper\" role=\"region\" aria-roledescription=\"carousel\" aria-label=\"Slides\" dir=\"ltr\" data-animation=\"fadeInUp\">\n\t\t\t\t<div class=\"swiper-wrapper elementor-slides\">\n\t\t\t\t\t\t\t\t\t\t<div class=\"elementor-repeater-item-8839cee swiper-slide\" role=\"group\" aria-roledescription=\"slide\"><div class=\"swiper-slide-bg\" role=\"img\" aria-label=\"Fragebogen_Mitarbeiterbefragung_Seite_05\"><\/div><div class=\"swiper-slide-inner\" ><div class=\"swiper-slide-contents\"><\/div><\/div><\/div><div class=\"elementor-repeater-item-61bd875 swiper-slide\" role=\"group\" aria-roledescription=\"slide\"><div class=\"swiper-slide-bg\" role=\"img\" aria-label=\"BAR_Zertifikat_2018\"><\/div><div class=\"swiper-slide-inner\" ><div class=\"swiper-slide-contents\"><\/div><\/div><\/div><div class=\"elementor-repeater-item-f2ab9e3 swiper-slide\" role=\"group\" aria-roledescription=\"slide\"><div class=\"swiper-slide-bg\" role=\"img\" aria-label=\"IntercertZertifikat_2018\"><\/div><div class=\"swiper-slide-inner\" ><div class=\"swiper-slide-contents\"><\/div><\/div><\/div>\t\t\t\t<\/div>\n\t\t\t\t\t\t\t\t\t\t\t\t\t\t\t<div class=\"elementor-swiper-button elementor-swiper-button-prev\" role=\"button\" tabindex=\"0\" aria-label=\"Previous slide\">\n\t\t\t\t\t\t\t<i aria-hidden=\"true\" class=\"eicon-chevron-left\"><\/i>\t\t\t\t\t\t<\/div>\n\t\t\t\t\t\t<div class=\"elementor-swiper-button elementor-swiper-button-next\" role=\"button\" tabindex=\"0\" aria-label=\"Next slide\">\n\t\t\t\t\t\t\t<i aria-hidden=\"true\" class=\"eicon-chevron-right\"><\/i>\t\t\t\t\t\t<\/div>\n\t\t\t\t\t\t\t\t\t\t\t\t\t\t\t\t<div class=\"swiper-pagination\"><\/div>\n\t\t\t\t\t\t\t\t\t\t\t\t<\/div>\n\t\t\t\t<\/div>\n\t\t\t\t\t\t\t\t<\/div>\n\t\t\t\t<\/div>\n\t\t\t\t\t<\/div>\n\t\t<\/div>\n\t\t\t\t\t<\/div>\n\t\t<\/section>\n\t\t\t\t<\/div>\n\t\t","protected":false},"excerpt":{"rendered":"<p>Quality Management HIGHEST QUALITY STANDARDS For the sake of our patients, it is important to us to ensure a high quality of treatment. The best possible hygiene and the confidentiality of our patients is also of highest importance to us. The hospital&#8217;s quality and risk management system has been certified according to the guidelines of &hellip; <\/p>\n<p class=\"link-more\"><a href=\"https:\/\/www.fachklinik-osterhofen.de\/en\/about-us\/quality-management\/\" class=\"more-link\">Continue reading<span class=\"screen-reader-text\"> &#8220;Quality Management&#8221;<\/span><\/a><\/p>\n","protected":false},"author":1,"featured_media":0,"parent":1075,"menu_order":0,"comment_status":"closed","ping_status":"closed","template":"elementor_header_footer","meta":{"_acf_changed":false,"footnotes":""},"class_list":["post-1823","page","type-page","status-publish","hentry"],"acf":[],"_links":{"self":[{"href":"https:\/\/www.fachklinik-osterhofen.de\/en\/wp-json\/wp\/v2\/pages\/1823","targetHints":{"allow":["GET"]}}],"collection":[{"href":"https:\/\/www.fachklinik-osterhofen.de\/en\/wp-json\/wp\/v2\/pages"}],"about":[{"href":"https:\/\/www.fachklinik-osterhofen.de\/en\/wp-json\/wp\/v2\/types\/page"}],"author":[{"embeddable":true,"href":"https:\/\/www.fachklinik-osterhofen.de\/en\/wp-json\/wp\/v2\/users\/1"}],"replies":[{"embeddable":true,"href":"https:\/\/www.fachklinik-osterhofen.de\/en\/wp-json\/wp\/v2\/comments?post=1823"}],"version-history":[{"count":4,"href":"https:\/\/www.fachklinik-osterhofen.de\/en\/wp-json\/wp\/v2\/pages\/1823\/revisions"}],"predecessor-version":[{"id":3823,"href":"https:\/\/www.fachklinik-osterhofen.de\/en\/wp-json\/wp\/v2\/pages\/1823\/revisions\/3823"}],"up":[{"embeddable":true,"href":"https:\/\/www.fachklinik-osterhofen.de\/en\/wp-json\/wp\/v2\/pages\/1075"}],"wp:attachment":[{"href":"https:\/\/www.fachklinik-osterhofen.de\/en\/wp-json\/wp\/v2\/media?parent=1823"}],"curies":[{"name":"wp","href":"https:\/\/api.w.org\/{rel}","templated":true}]}}